{"id":36,"date":"2017-05-31T18:23:50","date_gmt":"2017-05-31T18:23:50","guid":{"rendered":"https:\/\/ipcompany.com.co\/?page_id=36"},"modified":"2017-06-17T07:01:31","modified_gmt":"2017-06-17T07:01:31","slug":"electricity-and-electronics","status":"publish","type":"page","link":"https:\/\/ipcompany.com.co\/es\/electricity-and-electronics\/","title":{"rendered":"Electr\u00f3nica &#038; Electricidad"},"content":{"rendered":"<p>Unidad dedicada a la importaci\u00f3n de equipamiento, venta, servicios y consultor\u00edas.<\/p>\n<p><img loading=\"lazy\" decoding=\"async\" class=\"alignnone size-medium wp-image-75\" src=\"https:\/\/ipcompany.com.co\/wp-content\/uploads\/2017\/05\/3Logo-COFI1-300x281.jpg\" alt=\"\" width=\"300\" height=\"281\" srcset=\"https:\/\/ipcompany.com.co\/wp-content\/uploads\/2017\/05\/3Logo-COFI1-300x281.jpg 300w, https:\/\/ipcompany.com.co\/wp-content\/uploads\/2017\/05\/3Logo-COFI1-150x141.jpg 150w, https:\/\/ipcompany.com.co\/wp-content\/uploads\/2017\/05\/3Logo-COFI1.jpg 350w\" sizes=\"auto, (max-width: 300px) 100vw, 300px\" \/>&nbsp;&nbsp;&nbsp;&nbsp; <img loading=\"lazy\" decoding=\"async\" class=\"alignnone size-medium wp-image-79\" src=\"https:\/\/ipcompany.com.co\/wp-content\/uploads\/2017\/05\/7WEG_Equipamentos_Eletricos-300x211.jpg\" alt=\"\" width=\"300\" height=\"211\" srcset=\"https:\/\/ipcompany.com.co\/wp-content\/uploads\/2017\/05\/7WEG_Equipamentos_Eletricos-300x211.jpg 300w, https:\/\/ipcompany.com.co\/wp-content\/uploads\/2017\/05\/7WEG_Equipamentos_Eletricos-150x105.jpg 150w, https:\/\/ipcompany.com.co\/wp-content\/uploads\/2017\/05\/7WEG_Equipamentos_Eletricos.jpg 350w\" sizes=\"auto, (max-width: 300px) 100vw, 300px\" \/>&nbsp;&nbsp;&nbsp;&nbsp; <img loading=\"lazy\" decoding=\"async\" class=\"alignnone size-medium wp-image-73\" src=\"https:\/\/ipcompany.com.co\/wp-content\/uploads\/2017\/05\/1emerson_electric-logo-300x137.jpg\" alt=\"\" width=\"300\" height=\"137\" srcset=\"https:\/\/ipcompany.com.co\/wp-content\/uploads\/2017\/05\/1emerson_electric-logo-300x137.jpg 300w, https:\/\/ipcompany.com.co\/wp-content\/uploads\/2017\/05\/1emerson_electric-logo-150x69.jpg 150w, https:\/\/ipcompany.com.co\/wp-content\/uploads\/2017\/05\/1emerson_electric-logo.jpg 350w\" sizes=\"auto, (max-width: 300px) 100vw, 300px\" \/><\/p>\n<p><img loading=\"lazy\" decoding=\"async\" class=\"alignnone size-medium wp-image-81\" src=\"https:\/\/ipcompany.com.co\/wp-content\/uploads\/2017\/05\/schneider_logo-300x131.jpg\" alt=\"\" width=\"300\" height=\"131\" srcset=\"https:\/\/ipcompany.com.co\/wp-content\/uploads\/2017\/05\/schneider_logo-300x131.jpg 300w, https:\/\/ipcompany.com.co\/wp-content\/uploads\/2017\/05\/schneider_logo-150x66.jpg 150w, https:\/\/ipcompany.com.co\/wp-content\/uploads\/2017\/05\/schneider_logo.jpg 350w\" sizes=\"auto, (max-width: 300px) 100vw, 300px\" \/>&nbsp;&nbsp;&nbsp;&nbsp; <img loading=\"lazy\" decoding=\"async\" class=\"alignnone size-medium wp-image-77\" src=\"https:\/\/ipcompany.com.co\/wp-content\/uploads\/2017\/05\/5siemens-300x47.jpg\" alt=\"\" width=\"300\" height=\"47\" srcset=\"https:\/\/ipcompany.com.co\/wp-content\/uploads\/2017\/05\/5siemens-300x47.jpg 300w, https:\/\/ipcompany.com.co\/wp-content\/uploads\/2017\/05\/5siemens-150x24.jpg 150w, https:\/\/ipcompany.com.co\/wp-content\/uploads\/2017\/05\/5siemens.jpg 350w\" sizes=\"auto, (max-width: 300px) 100vw, 300px\" \/>&nbsp;&nbsp;&nbsp;&nbsp; <img loading=\"lazy\" decoding=\"async\" class=\"alignnone size-medium wp-image-76\" src=\"https:\/\/ipcompany.com.co\/wp-content\/uploads\/2017\/05\/4satronic-300x87.jpg\" alt=\"\" width=\"300\" height=\"87\" srcset=\"https:\/\/ipcompany.com.co\/wp-content\/uploads\/2017\/05\/4satronic-300x87.jpg 300w, https:\/\/ipcompany.com.co\/wp-content\/uploads\/2017\/05\/4satronic-150x44.jpg 150w, https:\/\/ipcompany.com.co\/wp-content\/uploads\/2017\/05\/4satronic.jpg 350w\" sizes=\"auto, (max-width: 300px) 100vw, 300px\" \/><\/p>\n<p><img loading=\"lazy\" decoding=\"async\" class=\"alignnone size-medium wp-image-78\" src=\"https:\/\/ipcompany.com.co\/wp-content\/uploads\/2017\/05\/6Logo_Schulz_-_transparente_-_png-300x45.jpg\" alt=\"\" width=\"300\" height=\"45\" srcset=\"https:\/\/ipcompany.com.co\/wp-content\/uploads\/2017\/05\/6Logo_Schulz_-_transparente_-_png-300x45.jpg 300w, https:\/\/ipcompany.com.co\/wp-content\/uploads\/2017\/05\/6Logo_Schulz_-_transparente_-_png-150x23.jpg 150w, https:\/\/ipcompany.com.co\/wp-content\/uploads\/2017\/05\/6Logo_Schulz_-_transparente_-_png.jpg 350w\" sizes=\"auto, (max-width: 300px) 100vw, 300px\" \/>&nbsp;&nbsp;&nbsp;&nbsp; <img loading=\"lazy\" decoding=\"async\" class=\"alignnone size-medium wp-image-74\" src=\"https:\/\/ipcompany.com.co\/wp-content\/uploads\/2017\/05\/2Honeywell_logo-300x67.jpg\" alt=\"\" width=\"300\" height=\"67\" srcset=\"https:\/\/ipcompany.com.co\/wp-content\/uploads\/2017\/05\/2Honeywell_logo-300x67.jpg 300w, https:\/\/ipcompany.com.co\/wp-content\/uploads\/2017\/05\/2Honeywell_logo-768x172.jpg 768w, https:\/\/ipcompany.com.co\/wp-content\/uploads\/2017\/05\/2Honeywell_logo-1024x229.jpg 1024w, https:\/\/ipcompany.com.co\/wp-content\/uploads\/2017\/05\/2Honeywell_logo-150x34.jpg 150w\" sizes=\"auto, (max-width: 300px) 100vw, 300px\" \/>&nbsp;&nbsp;&nbsp;&nbsp; <img loading=\"lazy\" decoding=\"async\" class=\"alignnone size-full wp-image-80\" src=\"https:\/\/ipcompany.com.co\/wp-content\/uploads\/2017\/05\/iope-logo.png\" alt=\"\" width=\"209\" height=\"136\" srcset=\"https:\/\/ipcompany.com.co\/wp-content\/uploads\/2017\/05\/iope-logo.png 209w, https:\/\/ipcompany.com.co\/wp-content\/uploads\/2017\/05\/iope-logo-150x98.png 150w\" sizes=\"auto, (max-width: 209px) 100vw, 209px\" \/><\/p>\n<p>\n<div class=\"wpcf7 no-js\" id=\"wpcf7-f47-o2\" lang=\"es-ES\" dir=\"ltr\">\n<div class=\"screen-reader-response\"><p role=\"status\" aria-live=\"polite\" aria-atomic=\"true\"><\/p> <ul><\/ul><\/div>\n<form action=\"\/es\/wp-json\/wp\/v2\/pages\/36#wpcf7-f47-o2\" method=\"post\" class=\"wpcf7-form init\" aria-label=\"Formulario de contacto\" novalidate=\"novalidate\" data-status=\"init\">\n<div style=\"display: none;\">\n<input type=\"hidden\" name=\"_wpcf7\" value=\"47\" \/>\n<input type=\"hidden\" name=\"_wpcf7_version\" value=\"5.7.7\" \/>\n<input type=\"hidden\" name=\"_wpcf7_locale\" value=\"es_ES\" \/>\n<input type=\"hidden\" name=\"_wpcf7_unit_tag\" value=\"wpcf7-f47-o2\" \/>\n<input type=\"hidden\" name=\"_wpcf7_container_post\" value=\"0\" \/>\n<input type=\"hidden\" name=\"_wpcf7_posted_data_hash\" value=\"\" \/>\n<input type=\"hidden\" name=\"_wpcf7_recaptcha_response\" value=\"\" \/>\n<\/div>\n<p><label> Nombre (requerido)<br \/>\n<span class=\"wpcf7-form-control-wrap\" data-name=\"your-name\"><input size=\"40\" class=\"wpcf7-form-control wpcf7-text wpcf7-validates-as-required\" aria-required=\"true\" aria-invalid=\"false\" value=\"\" type=\"text\" name=\"your-name\" \/><\/span> <\/label>\n<\/p>\n<p><label> e-mail (requerido)<br \/>\n<span class=\"wpcf7-form-control-wrap\" data-name=\"your-email\"><input size=\"40\" class=\"wpcf7-form-control wpcf7-text wpcf7-email wpcf7-validates-as-required wpcf7-validates-as-email\" aria-required=\"true\" aria-invalid=\"false\" value=\"\" type=\"email\" name=\"your-email\" \/><\/span> <\/label>\n<\/p>\n<p><label> Asunto<br \/>\n<span class=\"wpcf7-form-control-wrap\" data-name=\"your-subject\"><input size=\"40\" class=\"wpcf7-form-control wpcf7-text\" aria-invalid=\"false\" value=\"\" type=\"text\" name=\"your-subject\" \/><\/span> <\/label>\n<\/p>\n<p><label> Mensaje<br \/>\n<span class=\"wpcf7-form-control-wrap\" data-name=\"your-message\"><textarea cols=\"40\" rows=\"10\" class=\"wpcf7-form-control wpcf7-textarea\" aria-invalid=\"false\" name=\"your-message\"><\/textarea><\/span> <\/label>\n<\/p>\n<p><input class=\"wpcf7-form-control has-spinner wpcf7-submit\" type=\"submit\" value=\"Enviar\" \/>\n<\/p><div class=\"wpcf7-response-output\" aria-hidden=\"true\"><\/div>\n<\/form>\n<\/div>\n<\/p>","protected":false},"excerpt":{"rendered":"<p>Unidad dedicada a la importaci\u00f3n de equipamiento, venta, servicios y consultor\u00edas. &nbsp;&nbsp;&nbsp;&nbsp; &nbsp;&nbsp;&nbsp;&nbsp; &nbsp;&nbsp;&nbsp;&nbsp; &nbsp;&nbsp;&nbsp;&nbsp; &nbsp;&nbsp;&nbsp;&nbsp; &nbsp;&nbsp;&nbsp;&nbsp;<\/p>\n<p> <a class=\"continue-reading-link\" href=\"https:\/\/ipcompany.com.co\/es\/electricity-and-electronics\/\"><span>Continue reading<\/span><i class=\"crycon-right-dir\"><\/i><\/a> <\/p>\n","protected":false},"author":1,"featured_media":0,"parent":0,"menu_order":0,"comment_status":"closed","ping_status":"closed","template":"","meta":{"ngg_post_thumbnail":0,"footnotes":""},"class_list":["post-36","page","type-page","status-publish","hentry"],"_links":{"self":[{"href":"https:\/\/ipcompany.com.co\/es\/wp-json\/wp\/v2\/pages\/36","targetHints":{"allow":["GET"]}}],"collection":[{"href":"https:\/\/ipcompany.com.co\/es\/wp-json\/wp\/v2\/pages"}],"about":[{"href":"https:\/\/ipcompany.com.co\/es\/wp-json\/wp\/v2\/types\/page"}],"author":[{"embeddable":true,"href":"https:\/\/ipcompany.com.co\/es\/wp-json\/wp\/v2\/users\/1"}],"replies":[{"embeddable":true,"href":"https:\/\/ipcompany.com.co\/es\/wp-json\/wp\/v2\/comments?post=36"}],"version-history":[{"count":9,"href":"https:\/\/ipcompany.com.co\/es\/wp-json\/wp\/v2\/pages\/36\/revisions"}],"predecessor-version":[{"id":527,"href":"https:\/\/ipcompany.com.co\/es\/wp-json\/wp\/v2\/pages\/36\/revisions\/527"}],"wp:attachment":[{"href":"https:\/\/ipcompany.com.co\/es\/wp-json\/wp\/v2\/media?parent=36"}],"curies":[{"name":"wp","href":"https:\/\/api.w.org\/{rel}","templated":true}]}}